{"id":2995,"date":"2025-06-04T08:35:13","date_gmt":"2025-06-04T06:35:13","guid":{"rendered":"https:\/\/qler-beruf.plus.ac.at\/?page_id=2995"},"modified":"2025-09-02T10:50:06","modified_gmt":"2025-09-02T08:50:06","slug":"datenschutz","status":"publish","type":"page","link":"https:\/\/qler-beruf.plus.ac.at\/index.php\/datenschutz\/","title":{"rendered":"Datenschutz"},"content":{"rendered":"\t\t<div data-elementor-type=\"wp-page\" data-elementor-id=\"2995\" class=\"elementor elementor-2995\">\n\t\t\t\t<div class=\"elementor-element elementor-element-302eebb e-flex e-con-boxed e-con e-parent\" data-id=\"302eebb\" data-element_type=\"container\">\n\t\t\t\t\t<div class=\"e-con-inner\">\n\t\t\t\t<div class=\"elementor-element elementor-element-9b523c3 elementor-widget elementor-widget-heading\" data-id=\"9b523c3\" data-element_type=\"widget\" data-widget_type=\"heading.default\">\n\t\t\t\t<div class=\"elementor-widget-container\">\n\t\t\t\t\t<h2 class=\"elementor-heading-title elementor-size-default\">Datenschutz<\/h2>\t\t\t\t<\/div>\n\t\t\t\t<\/div>\n\t\t\t\t<div class=\"elementor-element elementor-element-e779c20 elementor-widget elementor-widget-spacer\" data-id=\"e779c20\" data-element_type=\"widget\" data-widget_type=\"spacer.default\">\n\t\t\t\t<div class=\"elementor-widget-container\">\n\t\t\t\t\t\t\t<div class=\"elementor-spacer\">\n\t\t\t<div class=\"elementor-spacer-inner\"><\/div>\n\t\t<\/div>\n\t\t\t\t\t\t<\/div>\n\t\t\t\t<\/div>\n\t\t\t\t\t<\/div>\n\t\t\t\t<\/div>\n\t\t<div class=\"elementor-element elementor-element-700c40c e-flex e-con-boxed e-con e-parent\" data-id=\"700c40c\" data-element_type=\"container\">\n\t\t\t\t\t<div class=\"e-con-inner\">\n\t\t\t\t<div class=\"elementor-element elementor-element-87986b2 elementor-widget elementor-widget-text-editor\" data-id=\"87986b2\" data-element_type=\"widget\" data-widget_type=\"text-editor.default\">\n\t\t\t\t<div class=\"elementor-widget-container\">\n\t\t\t\t\t\t\t\t\t<p class=\" eplus-wrapper\">Der Universit\u00e4t Salzburg ist der Schutz personenbezogener Daten ein besonderes Anliegen und behandeln wir alle verarbeiteten personenbezogenen Daten vertraulich und unter Einhaltung der gesetzlichen Bestimmungen.<\/p><p class=\" eplus-wrapper\"><strong>Erkl\u00e4rung zur Informationspflicht:<\/strong><br \/>Der Schutz Ihrer pers\u00f6nlichen Daten ist uns ein besonderes Anliegen. Die Universit\u00e4t Salzburg geht mit Ihren personenbezogenen Daten sorgf\u00e4ltig und gewissenhaft um. Wir verarbeiten Ihre Daten daher ausschlie\u00dflich auf Grundlage der gesetzlichen Bestimmungen des nationalen und europ\u00e4ischen Rechts.<br \/>Gerne weisen wir Sie darauf hin, dass Sie hinsichtlich Ihrer personenbezogenen Daten im Rahmen des gesetzlich vorgesehenen Umfangs ein Recht auf Auskunft, auf Berichtigung, auf L\u00f6schung, auf Einschr\u00e4nkung der Verarbeitung sowie auf Widerspruch gegen die Verarbeitung haben. Anfragen beziehungsweise Antr\u00e4ge in diesem Zusammenhang k\u00f6nnen Sie an datenschutz(at)sbg.ac.at richten.<br \/>Sofern die Verarbeitung aufgrund einer Einwilligung erfolgt, k\u00f6nnen Sie diese jederzeit ebenfalls mittels E-Mail an datenschutz(at)sbg.ac.at widerrufen, wobei die Rechtm\u00e4\u00dfigkeit der bis zum Widerruf erfolgten Datenverarbeitungen vom Widerruf unber\u00fchrt bleibt. Widerrufe gegen die Einwilligung zum Empfang eines Newsletters richten Sie bitte direkt an den Versender oder die Versenderin.<br \/>Gegen rechtswidrige Datenverarbeitungen haben Sie das Recht auf Beschwerde, welche bei der \u00d6sterreichischen Datenschutzbeh\u00f6rde, Barichgasse 40-42, 1030 Wien, Telefon: +43 1 52 152-0, E-Mail: dsb(at)dsb.gv.at\u00a0 als zust\u00e4ndige Aufsichtsbeh\u00f6rde einzubringen ist.<\/p><p><strong>Was ist der Zweck der Verarbeitung?<\/strong><\/p><p>QLer &#8211; Beruf ist ein Forschungsprojekt der Universit\u00e4t Salzburg. Die Website dient lediglich zur Information der Proband*innen und Interessierte. Um dieses Ziel zu erreichen, verarbeitet QLer-Beruf personenbezogene Daten.<\/p><p><strong>YouTube<\/strong><br \/>Unsere Website nutzt Plugins der von Alphabet betriebenen Seite YouTube. Betreiber der Seiten ist die YouTube, LLC, 901 Cherry Ave., San Bruno, CA 94066, USA.<br \/>Wenn Sie eine unserer mit einem YouTube-Plugin ausgestatteten Seiten besuchen, wird eine Verbindung zu den Servern von YouTube hergestellt. Dabei wird dem YouTube-Server mitgeteilt, welche unserer Seiten Sie besucht haben.<br \/>Des Weiteren kann Youtube verschiedene Cookies auf Ihrem Endger\u00e4t speichern. Mit Hilfe dieser Cookies kann Youtube Informationen \u00fcber Besucher unserer Website erhalten. Diese Informationen werden u. a. verwendet, um Videostatistiken zu erfassen, die Anwenderfreundlichkeit zu verbessern und Betrugsversuchen vorzubeugen. Die Cookies verbleiben auf Ihrem Endger\u00e4t, bis Sie sie l\u00f6schen.<br \/>Wenn Sie in Ihrem YouTube-Account eingeloggt sind, erm\u00f6glichen Sie YouTube, Ihr Surfverhalten direkt Ihrem pers\u00f6nlichen Profil zuzuordnen. Dies k\u00f6nnen Sie verhindern, indem Sie sich aus Ihrem YouTube-Account ausloggen.<br \/>Die Nutzung von YouTube erfolgt im Interesse einer ansprechenden Darstellung unserer Online Angebote. Dies stellt ein berechtigtes Interesse im Sinne von Art. 6 Abs. 1 lit. f DSGVO dar.<br \/>Weitere Informationen zum Umgang mit Nutzerdaten finden Sie in der Datenschutzerkl\u00e4rung von YouTube unter: https:\/\/www.google.de\/policies\/privacy\/.<\/p><p><strong>Cookies<\/strong><\/p>\t\t\t\t\t\t\t\t<\/div>\n\t\t\t\t<\/div>\n\t\t\t\t<div class=\"elementor-element elementor-element-a636706 elementor-widget elementor-widget-html\" data-id=\"a636706\" data-element_type=\"widget\" data-widget_type=\"html.default\">\n\t\t\t\t<div class=\"elementor-widget-container\">\n\t\t\t\t\t<script id=\"CookieDeclaration\" src=\"https:\/\/consent.cookiebot.com\/defb90e8-68c3-439b-ba91-64c6fa1babe7\/cd.js\" type=\"text\/javascript\" async><\/script>\t\t\t\t<\/div>\n\t\t\t\t<\/div>\n\t\t\t\t<div class=\"elementor-element elementor-element-97dd326 elementor-widget elementor-widget-text-editor\" data-id=\"97dd326\" data-element_type=\"widget\" data-widget_type=\"text-editor.default\">\n\t\t\t\t<div class=\"elementor-widget-container\">\n\t\t\t\t\t\t\t\t\t<div><div class=\"CookieDeclaration\" dir=\"ltr\" lang=\"de\"><p>Ihre aktuellen Einwilligungen k\u00f6nnen Sie jederzeit links unten am runden Icon einsehen.<\/p><p>Ihre aktuellen Einwilligungen k\u00f6nnen Sie jederzeit links unten am runden Icon \u00e4ndern.<\/p><\/div><\/div><p class=\" eplus-wrapper\"><strong>Verantwortlich f\u00fcr die Datenverarbeitung:\u00a0<\/strong><br \/>Universit\u00e4t Salzburg<br \/>Kapitelgasse 4-6<br \/>5020 Salzburg<br \/>universit\u00e4t@sbg.ac.at<br \/>Tel:\u00a0 0043(0) 662 8044-0<br \/>Fax: 0043(0) 662 8044-145<\/p><p class=\" eplus-wrapper\"><strong>Datenschutzbeauftragter:<\/strong><\/p><p>Paris Lodron Universit\u00e4t Salzburg<br \/>Kapitelgasse 4-6, 5020 Salzburg<\/p><p>Tel.: +43 662 8044 2007<br \/>E-Mail: datenschutz@plus.ac.at<\/p><p><strong>Kontakt mit uns<\/strong><br \/>Wenn Sie per E-Mail Kontakt mit uns aufnehmen, werden Ihre angegebenen Daten zwecks Bearbeitung der Anfrage und f\u00fcr den Fall von Anschlussfragen sechs Monate bei uns gespeichert. Diese Daten geben wir nicht ohne Ihre Einwilligung weiter.<\/p>\t\t\t\t\t\t\t\t<\/div>\n\t\t\t\t<\/div>\n\t\t\t\t<div class=\"elementor-element elementor-element-0312435 elementor-widget elementor-widget-spacer\" data-id=\"0312435\" data-element_type=\"widget\" data-widget_type=\"spacer.default\">\n\t\t\t\t<div class=\"elementor-widget-container\">\n\t\t\t\t\t\t\t<div class=\"elementor-spacer\">\n\t\t\t<div class=\"elementor-spacer-inner\"><\/div>\n\t\t<\/div>\n\t\t\t\t\t\t<\/div>\n\t\t\t\t<\/div>\n\t\t\t\t\t<\/div>\n\t\t\t\t<\/div>\n\t\t\t\t<\/div>\n\t\t","protected":false},"excerpt":{"rendered":"<p>Datenschutz Der Universit\u00e4t Salzburg ist der Schutz personenbezogener Daten ein besonderes Anliegen und behandeln wir alle verarbeiteten personenbezogenen Daten vertraulich und unter Einhaltung der gesetzlichen Bestimmungen. Erkl\u00e4rung zur Informationspflicht:Der Schutz Ihrer pers\u00f6nlichen Daten ist uns ein besonderes Anliegen. Die Universit\u00e4t Salzburg geht mit Ihren personenbezogenen Daten sorgf\u00e4ltig und gewissenhaft um. Wir verarbeiten Ihre Daten daher [&hellip;]<\/p>\n","protected":false},"author":1,"featured_media":0,"parent":0,"menu_order":0,"comment_status":"closed","ping_status":"closed","template":"","meta":{"footnotes":""},"class_list":["post-2995","page","type-page","status-publish","hentry"],"_links":{"self":[{"href":"https:\/\/qler-beruf.plus.ac.at\/index.php\/wp-json\/wp\/v2\/pages\/2995","targetHints":{"allow":["GET"]}}],"collection":[{"href":"https:\/\/qler-beruf.plus.ac.at\/index.php\/wp-json\/wp\/v2\/pages"}],"about":[{"href":"https:\/\/qler-beruf.plus.ac.at\/index.php\/wp-json\/wp\/v2\/types\/page"}],"author":[{"embeddable":true,"href":"https:\/\/qler-beruf.plus.ac.at\/index.php\/wp-json\/wp\/v2\/users\/1"}],"replies":[{"embeddable":true,"href":"https:\/\/qler-beruf.plus.ac.at\/index.php\/wp-json\/wp\/v2\/comments?post=2995"}],"version-history":[{"count":37,"href":"https:\/\/qler-beruf.plus.ac.at\/index.php\/wp-json\/wp\/v2\/pages\/2995\/revisions"}],"predecessor-version":[{"id":4391,"href":"https:\/\/qler-beruf.plus.ac.at\/index.php\/wp-json\/wp\/v2\/pages\/2995\/revisions\/4391"}],"wp:attachment":[{"href":"https:\/\/qler-beruf.plus.ac.at\/index.php\/wp-json\/wp\/v2\/media?parent=2995"}],"curies":[{"name":"wp","href":"https:\/\/api.w.org\/{rel}","templated":true}]}}