{"id":2989,"date":"2025-06-04T08:28:05","date_gmt":"2025-06-04T06:28:05","guid":{"rendered":"https:\/\/qler-beruf.plus.ac.at\/?page_id=2989"},"modified":"2025-07-22T10:09:24","modified_gmt":"2025-07-22T08:09:24","slug":"impressum","status":"publish","type":"page","link":"https:\/\/qler-beruf.plus.ac.at\/index.php\/impressum\/","title":{"rendered":"Impressum"},"content":{"rendered":"\t\t<div data-elementor-type=\"wp-page\" data-elementor-id=\"2989\" class=\"elementor elementor-2989\">\n\t\t\t\t<div class=\"elementor-element elementor-element-1fc0fdd e-flex e-con-boxed e-con e-parent\" data-id=\"1fc0fdd\" data-element_type=\"container\">\n\t\t\t\t\t<div class=\"e-con-inner\">\n\t\t\t\t<div class=\"elementor-element elementor-element-0b6a4c4 elementor-widget elementor-widget-heading\" data-id=\"0b6a4c4\" data-element_type=\"widget\" data-widget_type=\"heading.default\">\n\t\t\t\t<div class=\"elementor-widget-container\">\n\t\t\t\t\t<h2 class=\"elementor-heading-title elementor-size-default\">Impressum<\/h2>\t\t\t\t<\/div>\n\t\t\t\t<\/div>\n\t\t\t\t\t<\/div>\n\t\t\t\t<\/div>\n\t\t<div class=\"elementor-element elementor-element-f356de2 e-flex e-con-boxed e-con e-parent\" data-id=\"f356de2\" data-element_type=\"container\">\n\t\t\t\t\t<div class=\"e-con-inner\">\n\t\t\t\t<div class=\"elementor-element elementor-element-152a397 elementor-widget elementor-widget-spacer\" data-id=\"152a397\" data-element_type=\"widget\" data-widget_type=\"spacer.default\">\n\t\t\t\t<div class=\"elementor-widget-container\">\n\t\t\t\t\t\t\t<div class=\"elementor-spacer\">\n\t\t\t<div class=\"elementor-spacer-inner\"><\/div>\n\t\t<\/div>\n\t\t\t\t\t\t<\/div>\n\t\t\t\t<\/div>\n\t\t\t\t<div class=\"elementor-element elementor-element-da0ddaf elementor-widget elementor-widget-text-editor\" data-id=\"da0ddaf\" data-element_type=\"widget\" data-widget_type=\"text-editor.default\">\n\t\t\t\t<div class=\"elementor-widget-container\">\n\t\t\t\t\t\t\t\t\t<div class=\"wp-block-column eplus-wrapper is-layout-flow wp-block-column-is-layout-flow\"><p class=\" eplus-wrapper\">Medieninhaber und Herausgeber von\u00a0 qler-beruf.plus.ac.at ist die\u00a0<br \/><strong>Paris Lodron Universit\u00e4t Salzburg<\/strong><br \/>Kapitelgasse 4<br \/>A-5020 Salzburg \u2013 \u00d6sterreich<br \/>ATU 57532824<\/p><p class=\" eplus-wrapper\">E-Mail: Marion.Reindl@plus.ac.at<br \/>Telefonnummer: +43 (0) 662 \/ 8044-4205<\/p><\/div>\t\t\t\t\t\t\t\t<\/div>\n\t\t\t\t<\/div>\n\t\t\t\t<div class=\"elementor-element elementor-element-3752883 elementor-widget elementor-widget-spacer\" data-id=\"3752883\" data-element_type=\"widget\" data-widget_type=\"spacer.default\">\n\t\t\t\t<div class=\"elementor-widget-container\">\n\t\t\t\t\t\t\t<div class=\"elementor-spacer\">\n\t\t\t<div class=\"elementor-spacer-inner\"><\/div>\n\t\t<\/div>\n\t\t\t\t\t\t<\/div>\n\t\t\t\t<\/div>\n\t\t\t\t\t<\/div>\n\t\t\t\t<\/div>\n\t\t<div class=\"elementor-element elementor-element-680a252 e-flex e-con-boxed e-con e-parent\" data-id=\"680a252\" data-element_type=\"container\">\n\t\t\t\t\t<div class=\"e-con-inner\">\n\t\t\t\t<div class=\"elementor-element elementor-element-2b3956f elementor-widget elementor-widget-text-editor\" data-id=\"2b3956f\" data-element_type=\"widget\" data-widget_type=\"text-editor.default\">\n\t\t\t\t<div class=\"elementor-widget-container\">\n\t\t\t\t\t\t\t\t\t<p class=\"zfr3Q CDt4Ke \" dir=\"ltr\"><strong><span class=\"C9DxTc \">Das Impressum gilt auch f\u00fcr folgende Social Media Accounts<\/span><\/strong><\/p><p class=\"zfr3Q CDt4Ke \" dir=\"ltr\"><span class=\"C9DxTc \">Youtube:<\/span><\/p><p dir=\"ltr\">\u00a0<\/p><p dir=\"ltr\"><strong>Haftungsauschluss<\/strong><\/p><p class=\"zfr3Q CDt4Ke \" dir=\"ltr\" role=\"presentation\"><span class=\"C9DxTc \">Haftung f\u00fcr Inhalte<\/span><\/p><p class=\"zfr3Q CDt4Ke \" dir=\"ltr\"><span class=\"C9DxTc \">Die Inhalte unserer Seiten wurden mit gr\u00f6\u00dfter Sorgfalt erstellt. F\u00fcr die Richtigkeit, Vollst\u00e4ndigkeit und Aktualit\u00e4t der Inhalte k\u00f6nnen wir jedoch keine Gew\u00e4hr \u00fcbernehmen. Wir sind nicht verpflichtet, \u00fcbermittelte oder gespeicherte fremde Informationen zu \u00fcberwachen oder nach Umst\u00e4nden zu forschen, die auf eine rechtswidrige T\u00e4tigkeit hinweisen. Verpflichtungen zur Entfernung oder Sperrung der Nutzung von Informationen nach den allgemeinen Gesetzen bleiben hiervon unber\u00fchrt. Eine diesbez\u00fcgliche Haftung ist jedoch erst ab dem Zeitpunkt der Kenntnis einer konkreten Rechtsverletzung m\u00f6glich. Bei Bekanntwerden von entsprechenden Rechtsverletzungen werden wir diese Inhalte umgehend entfernen.<\/span><\/p><p dir=\"ltr\">\u00a0<\/p><p class=\"zfr3Q CDt4Ke \" dir=\"ltr\" role=\"presentation\"><span class=\"C9DxTc \">Haftung f\u00fcr Links<\/span><\/p><p class=\"zfr3Q CDt4Ke \" dir=\"ltr\"><span class=\"C9DxTc \">Unser Angebot enth\u00e4lt Links zu externen Webseiten Dritter, auf deren Inhalte wir keinen Einfluss haben. Deshalb k\u00f6nnen wir f\u00fcr diese fremden Inhalte auch keine Gew\u00e4hr \u00fcbernehmen. F\u00fcr die Inhalte der verlinkten Seiten ist stets der jeweilige Anbieter oder Betreiber der Seiten verantwortlich. Die verlinkten Seiten wurden zum Zeitpunkt der Verlinkung auf m\u00f6gliche Rechtsverst\u00f6\u00dfe \u00fcberpr\u00fcft. Rechtswidrige Inhalte waren zum Zeitpunkt der Verlinkung nicht erkennbar. Eine permanente inhaltliche Kontrolle der verlinkten Seiten ist jedoch ohne konkrete Anhaltspunkte einer Rechtsverletzung nicht zumutbar. Bei Bekanntwerden von Rechtsverletzungen werden wir derartige Links umgehend entfernen.<\/span><\/p><p dir=\"ltr\">\u00a0<\/p><p class=\"zfr3Q CDt4Ke \" dir=\"ltr\" role=\"presentation\"><strong><span class=\"C9DxTc \">Urheberrecht<\/span><\/strong><\/p><p class=\"zfr3Q CDt4Ke \" dir=\"ltr\"><span class=\"C9DxTc \">Die durch die Seitenbetreiber erstellten Inhalte und Werke auf diesen Seiten unterliegen dem \u00f6sterreichischen Urheberrecht. Die Vervielf\u00e4ltigung, Bearbeitung, Verbreitung und jede Art der Verwertung au\u00dferhalb der Grenzen des Urheberrechtes bed\u00fcrfen der schriftlichen Zustimmung des jeweiligen Erstellers bzw. Verantwortlichen dieser Website. Downloads und Kopien dieser Seite sind nur f\u00fcr den privaten, nicht kommerziellen Gebrauch gestattet. Soweit die Inhalte auf dieser Seite nicht vom Betreiber erstellt wurden, werden die Urheberrechte Dritter beachtet. Insbesondere werden Inhalte Dritter als solche gekennzeichnet. Sollten Sie trotzdem auf eine Urheberrechtsverletzung aufmerksam werden, bitten wir um einen entsprechenden<\/span> <span class=\"C9DxTc \">Hinweis. <\/span><span class=\"C9DxTc \">F\u00fcr eine schnelle und l\u00f6sungsorientiere \u00c4nderung k<\/span><span class=\"C9DxTc \">ontaktieren <\/span><span class=\"C9DxTc \">Sie hierzu direkt Marion Reindl. <\/span><span class=\"C9DxTc \">\u00a0Bei Bekanntwerden von Rechtsverletzungen werden wir derartige Inhalte umgehend entfernen.<\/span><\/p><p dir=\"ltr\">\u00a0<\/p><p class=\"zfr3Q CDt4Ke \" dir=\"ltr\" role=\"presentation\"><span class=\"C9DxTc \">Bildquelle<\/span><\/p><p class=\"zfr3Q CDt4Ke \" dir=\"ltr\"><span class=\"C9DxTc \">Wenn nicht direkt anders angegeben, sind alle sonstigen <\/span><span class=\"C9DxTc \">Grafiken<\/span><span class=\"C9DxTc \"> von <\/span><span class=\"C9DxTc \">QLer Beruf eigens erstellt<\/span><span class=\"C9DxTc \"> und unterliegen den oben genannten Urheberrechtsregelungen.<\/span><\/p><p dir=\"ltr\">\u00a0<\/p><p dir=\"ltr\">\u00a0<\/p><p dir=\"ltr\">\u00a0<\/p>\t\t\t\t\t\t\t\t<\/div>\n\t\t\t\t<\/div>\n\t\t\t\t\t<\/div>\n\t\t\t\t<\/div>\n\t\t\t\t<\/div>\n\t\t","protected":false},"excerpt":{"rendered":"<p>Impressum Medieninhaber und Herausgeber von\u00a0 qler-beruf.plus.ac.at ist die\u00a0Paris Lodron Universit\u00e4t SalzburgKapitelgasse 4A-5020 Salzburg \u2013 \u00d6sterreichATU 57532824 E-Mail: Marion.Reindl@plus.ac.atTelefonnummer: +43 (0) 662 \/ 8044-4205 Das Impressum gilt auch f\u00fcr folgende Social Media Accounts Youtube: \u00a0 Haftungsauschluss Haftung f\u00fcr Inhalte Die Inhalte unserer Seiten wurden mit gr\u00f6\u00dfter Sorgfalt erstellt. F\u00fcr die Richtigkeit, Vollst\u00e4ndigkeit und Aktualit\u00e4t der Inhalte [&hellip;]<\/p>\n","protected":false},"author":1,"featured_media":0,"parent":0,"menu_order":0,"comment_status":"closed","ping_status":"closed","template":"","meta":{"footnotes":""},"class_list":["post-2989","page","type-page","status-publish","hentry"],"_links":{"self":[{"href":"https:\/\/qler-beruf.plus.ac.at\/index.php\/wp-json\/wp\/v2\/pages\/2989","targetHints":{"allow":["GET"]}}],"collection":[{"href":"https:\/\/qler-beruf.plus.ac.at\/index.php\/wp-json\/wp\/v2\/pages"}],"about":[{"href":"https:\/\/qler-beruf.plus.ac.at\/index.php\/wp-json\/wp\/v2\/types\/page"}],"author":[{"embeddable":true,"href":"https:\/\/qler-beruf.plus.ac.at\/index.php\/wp-json\/wp\/v2\/users\/1"}],"replies":[{"embeddable":true,"href":"https:\/\/qler-beruf.plus.ac.at\/index.php\/wp-json\/wp\/v2\/comments?post=2989"}],"version-history":[{"count":13,"href":"https:\/\/qler-beruf.plus.ac.at\/index.php\/wp-json\/wp\/v2\/pages\/2989\/revisions"}],"predecessor-version":[{"id":3963,"href":"https:\/\/qler-beruf.plus.ac.at\/index.php\/wp-json\/wp\/v2\/pages\/2989\/revisions\/3963"}],"wp:attachment":[{"href":"https:\/\/qler-beruf.plus.ac.at\/index.php\/wp-json\/wp\/v2\/media?parent=2989"}],"curies":[{"name":"wp","href":"https:\/\/api.w.org\/{rel}","templated":true}]}}